{"id":64,"date":"2019-07-11T20:53:05","date_gmt":"2019-07-11T17:53:05","guid":{"rendered":"http:\/\/testisivu.video.blog\/?page_id=64"},"modified":"2023-06-30T00:55:50","modified_gmt":"2023-06-29T21:55:50","slug":"linkkeja-3","status":"publish","type":"page","link":"https:\/\/www.norinvapaasrk.fi\/index.php\/linkkeja-3\/","title":{"rendered":"Linkkej\u00e4 3"},"content":{"rendered":"\n<div class=\"wp-block-group is-vertical is-layout-flex wp-container-core-group-is-layout-8cf370e7 wp-block-group-is-layout-flex\">\n<p>MEDIAA<\/p>\n\n\n\n<p><a href=\"http:\/\/www.toivonpuheita.fi\/\">Toivonpuheita<\/a><br>&#8211;<a href=\"https:\/\/www.facebook.com\/Toivonpuheitafi-1602654153372839\">facebook<\/a><\/p>\n\n\n\n<p><a href=\"https:\/\/oneway.tv\/fi\/\">One Way TV<\/a><br>&#8211;<a href=\"https:\/\/www.facebook.com\/onewaytv\">facebook<\/a><\/p>\n\n\n\n<p><a href=\"http:\/\/www.tv7.fi\/\">TV 7<\/a><br>&#8211;<a href=\"https:\/\/www.facebook.com\/taivastv7\">facebook<\/a><\/p>\n\n\n\n<p><a href=\"https:\/\/www.tv7plus.fi\/\">TV7 Plus<\/a><br>&#8211;<a href=\"https:\/\/www.facebook.com\/tv7plus\">facebook<\/a><\/p>\n\n\n\n<p><a href=\"http:\/\/www.radiodei.fi\/\">Radio Dei<\/a><br>&#8211;<a href=\"https:\/\/www.facebook.com\/RadioDei\">facebook<\/a><\/p>\n\n\n\n<p><a href=\"https:\/\/irr-tv.fi\/\">IRR TV<\/a><br>&#8211;<a href=\"https:\/\/www.facebook.com\/irrtv\">facebook<\/a><\/p>\n\n\n\n<p><a href=\"http:\/\/www.uskotv.fi\/\">UskoTV<\/a><br>&#8211;<a href=\"https:\/\/www.facebook.com\/uskotv\">facebook<\/a><\/p>\n\n\n\n<p><a href=\"http:\/\/tv316.fi\/\">Nettitv316<\/a><\/p>\n\n\n\n<p><a href=\"https:\/\/www.netmission.fi\/\">Netmission<\/a><\/p>\n\n\n\n<p><a href=\"https:\/\/www.jarviradio.fi\/hengelliset\/\">J\u00e4rviradion hengellist\u00e4 ohjelmaa<\/a><\/p>\n\n\n\n<p><a href=\"http:\/\/www.nuotta.com\/player\/radio.html\">Nuottaradio<\/a><\/p>\n\n\n\n<p><a href=\"http:\/\/www.rkk-sansa.net\/\">Radioraamattukoulu<\/a><br>&#8211;<a href=\"https:\/\/www.facebook.com\/groups\/495893030787481\">facebook<\/a><\/p>\n\n\n\n<p><a href=\"http:\/\/www.tscpulpitseries.org\/finnish.html\">David Wilkersonin puheita<\/a><\/p>\n\n\n\n<p><a href=\"http:\/\/www.iltalamppu.fi\/\">ILTALAMPPU<\/a><br>&#8211;<a href=\"https:\/\/www.facebook.com\/ILTALAMPPU-syvien-tuntojen-tulkki--195430213860023\">facebook<\/a><\/p>\n\n\n\n<p><a href=\"http:\/\/www.gospelcovertajat.fi\/\">Gospel Covertajat<\/a><br>&#8211;<a href=\"https:\/\/www.facebook.com\/GospelCovertajat\">facebook<\/a><\/p>\n\n\n\n<p><a href=\"http:\/\/www.seurakuntalainen.fi\/\">Seurakuntalainen<\/a><br>&#8211;<a href=\"https:\/\/www.facebook.com\/seurakuntalainen\">facebook<\/a><\/p>\n\n\n\n<p><a href=\"https:\/\/hurstinapu.fi\/\">Hurstinapu<\/a><br>&#8211;<a href=\"https:\/\/www.facebook.com\/HurstinApu.fi\">facebook<\/a><\/p>\n\n\n\n<p><a href=\"https:\/\/selko.evl.fi\/etusivu\/selkokieli\/\">Kirkon selkokieliset sivut<\/a> UUSI<\/p>\n\n\n\n<p>\ufeff<\/p>\n\n\n\n<p><a href=\"http:\/\/www.todistajat.net\/\">Todistajat.net<\/a><\/p>\n\n\n\n<p><a href=\"http:\/\/mystory.me\/\">Minun tarinani sivusto<\/a><\/p>\n\n\n\n<p><a href=\"http:\/\/www.missionpossible.palvelee.fi\/7\">Varkauden seurakunnan nettitv-Reimari<\/a><\/p>\n\n\n\n<p><a href=\"http:\/\/www.netikka.net\/hans.backman\/linkkikokoelma.html\">Shalom-linkkikokoelma<\/a><\/p>\n\n\n\n<p>\ufeff<\/p>\n\n\n\n<p>RAAMATTUJA<\/p>\n\n\n\n<p><a href=\"https:\/\/raamattu365.fi\/\">Oma Raamattusi<\/a> UUSI<\/p>\n\n\n\n<p><a href=\"http:\/\/raamattu.uskonkirjat.net\/servlet\/biblesite.Bible\">Raamattu.uskonkirjat.net<\/a><\/p>\n\n\n\n<p><a href=\"http:\/\/www.nic.funet.fi\/pub\/doc\/religion\/christian\/Bible\/html\/finnish\/1933,38\/Raamattu.html\">Raamattu (vanha k\u00e4\u00e4nn\u00f6s)<\/a><\/p>\n\n\n\n<p><a href=\"http:\/\/www.nic.funet.fi\/pub\/doc\/bible\/html\/finnish\/1992\/Raamattu.html\">Raamattu (98 k\u00e4\u00e4nn\u00f6s)<\/a><\/p>\n\n\n\n<p><a href=\"https:\/\/raamattu.fi\/\">Raamattu.fi<\/a> UUSI<\/p>\n\n\n\n<p><a href=\"http:\/\/biblos.com\/\">Biblos.com<\/a> (voit lukea<br>Raamattua vaikka<br>swahilin kielell\u00e4&#8230;)<\/p>\n\n\n\n<p>\ufeff<\/p>\n\n\n\n<p>OPISKELUA JA KURSSITUSTA<\/p>\n\n\n\n<p><a href=\"http:\/\/www.teologinenopisto.fi\/\">Suomen teologinen opisto<\/a><br>&#8211;<a href=\"https:\/\/www.facebook.com\/stoteopolis\">facebook<\/a><\/p>\n\n\n\n<p><a href=\"http:\/\/www.isokirja.fi\/\">Iso Kirja<\/a><br>&#8211;<a href=\"https:\/\/www.facebook.com\/ikopisto\"> facebook<\/a><\/p>\n\n\n\n<p><a href=\"http:\/\/www.kiponniemi.fi\/\">Kiponniemi<\/a><br>&#8211;<a href=\"https:\/\/www.facebook.com\/Kiponniemen-toimintakeskus-111537677179401\">facebook<\/a><\/p>\n\n\n\n<p>&nbsp;<a href=\"http:\/\/www.perheniemi.com\/\">Perheniemen evankelinen opisto<\/a><\/p>\n\n\n\n<p><a href=\"http:\/\/www.vivamo-opisto.fi\/yleista\/\">Vivamo-opisto<\/a><\/p>\n\n\n\n<p><a href=\"http:\/\/www.katajary.fi\/\">Kataja ry<\/a><\/p>\n\n\n\n<p>\ufeff<\/p>\n\n\n\n<p>YHDISTYKSI\u00c4 \/ J\u00c4RJEST\u00d6J\u00c4<\/p>\n\n\n\n<p><a href=\"http:\/\/www.wycliffe.fi\/\">Wycliffe Raamatunk\u00e4\u00e4nt\u00e4j\u00e4t ry<\/a><br>&#8211;<a href=\"https:\/\/www.facebook.com\/wrk.fin\">facebook<\/a><\/p>\n\n\n\n<p><a href=\"http:\/\/www.marttyyrienaani.fi\/\">Marttyyrien \u00e4\u00e4ni ry<\/a><br>&#8211;<a href=\"https:\/\/www.facebook.com\/marttyyrienaani\"> facebook<\/a><\/p>\n\n\n\n<p><a href=\"http:\/\/www.ruokkikaanalkaiset.fi\/\">Ruokkikaa n\u00e4lk\u00e4iset<\/a><\/p>\n\n\n\n<p><a href=\"http:\/\/www.sansa.fi\/\">Radiol\u00e4hetysj\u00e4rjest\u00f6 Sanansaattajat<\/a><\/p>\n\n\n\n<p><a href=\"http:\/\/www.healingrooms.fi\/\">Healing Rooms<\/a><\/p>\n\n\n\n<p><a href=\"http:\/\/www.gospelriders.fi\/\">GospelRiders<\/a><\/p>\n\n\n\n<p><a href=\"http:\/\/www.caf.fi\/\">Kristillisten taiteilijoidenetuj\u00e4rjest\u00f6<\/a><\/p>\n\n\n\n<p><a href=\"http:\/\/www.elamajavalo.fi\/\">El\u00e4m\u00e4 ja valo ry<\/a><br>&#8211;<a href=\"https:\/\/www.facebook.com\/elamajavalo\">facebook<\/a><\/p>\n\n\n\n<p><a href=\"http:\/\/www.sekl.fi\/\">Suomen evankelisluterilainen Kansanl\u00e4hetys<\/a><\/p>\n\n\n\n<p><a href=\"https:\/\/epkl.fi\/\">Etel\u00e4-Pohjanmaan ev.lut.Kansanl\u00e4hetys<\/a><\/p>\n\n\n\n<p><a href=\"http:\/\/www.asaria.fi\/\">Asaria ry<\/a><\/p>\n\n\n\n<p><a href=\"http:\/\/www.kan.fi\/\">Kristillinen alkoholisti- janarkomaanity\u00f6 ry<\/a><\/p>\n\n\n\n<p><a href=\"http:\/\/www.joosuamissio.fi\/\">Joosuamissio ry<\/a><\/p>\n<\/div>\n\n\n\n<div class=\"wp-block-columns is-layout-flex wp-container-core-columns-is-layout-9d6595d7 wp-block-columns-is-layout-flex\">\n<div class=\"wp-block-column is-layout-flow wp-block-column-is-layout-flow\">\n<p><\/p>\n<\/div>\n<\/div>\n","protected":false},"excerpt":{"rendered":"<p>MEDIAA Toivonpuheita&#8211;facebook One Way TV&#8211;facebook TV 7&#8211;facebook TV7 Plus&#8211;facebook Radio Dei&#8211;facebook IRR TV&#8211;facebook UskoTV&#8211;facebook Nettitv316 Netmission J\u00e4rviradion hengellist\u00e4 ohjelmaa Nuottaradio Radioraamattukoulu&#8211;facebook David Wilkersonin puheita ILTALAMPPU&#8211;facebook Gospel Covertajat&#8211;facebook Seurakuntalainen&#8211;facebook Hurstinapu&#8211;facebook Kirkon selkokieliset sivut UUSI \ufeff Todistajat.net Minun tarinani sivusto Varkauden seurakunnan nettitv-Reimari Shalom-linkkikokoelma \ufeff RAAMATTUJA Oma Raamattusi UUSI Raamattu.uskonkirjat.net Raamattu (vanha k\u00e4\u00e4nn\u00f6s) Raamattu (98 k\u00e4\u00e4nn\u00f6s) Raamattu.fi &hellip; <a href=\"https:\/\/www.norinvapaasrk.fi\/index.php\/linkkeja-3\/\" class=\"more-link\">Jatka lukemista <span class=\"screen-reader-text\">Linkkej\u00e4 3<\/span> <span class=\"meta-nav\">&rarr;<\/span><\/a><\/p>\n","protected":false},"author":1,"featured_media":0,"parent":0,"menu_order":0,"comment_status":"closed","ping_status":"closed","template":"","meta":{"footnotes":""},"class_list":["post-64","page","type-page","status-publish","hentry"],"_links":{"self":[{"href":"https:\/\/www.norinvapaasrk.fi\/index.php\/wp-json\/wp\/v2\/pages\/64","targetHints":{"allow":["GET"]}}],"collection":[{"href":"https:\/\/www.norinvapaasrk.fi\/index.php\/wp-json\/wp\/v2\/pages"}],"about":[{"href":"https:\/\/www.norinvapaasrk.fi\/index.php\/wp-json\/wp\/v2\/types\/page"}],"author":[{"embeddable":true,"href":"https:\/\/www.norinvapaasrk.fi\/index.php\/wp-json\/wp\/v2\/users\/1"}],"replies":[{"embeddable":true,"href":"https:\/\/www.norinvapaasrk.fi\/index.php\/wp-json\/wp\/v2\/comments?post=64"}],"version-history":[{"count":3,"href":"https:\/\/www.norinvapaasrk.fi\/index.php\/wp-json\/wp\/v2\/pages\/64\/revisions"}],"predecessor-version":[{"id":2813,"href":"https:\/\/www.norinvapaasrk.fi\/index.php\/wp-json\/wp\/v2\/pages\/64\/revisions\/2813"}],"wp:attachment":[{"href":"https:\/\/www.norinvapaasrk.fi\/index.php\/wp-json\/wp\/v2\/media?parent=64"}],"curies":[{"name":"wp","href":"https:\/\/api.w.org\/{rel}","templated":true}]}}