{"id":60,"date":"2019-07-11T20:51:50","date_gmt":"2019-07-11T17:51:50","guid":{"rendered":"http:\/\/testisivu.video.blog\/?page_id=60"},"modified":"2023-11-22T11:54:11","modified_gmt":"2023-11-22T08:54:11","slug":"linkkeja-2","status":"publish","type":"page","link":"https:\/\/www.norinvapaasrk.fi\/index.php\/linkkeja-2\/","title":{"rendered":"Linkkej\u00e4 2"},"content":{"rendered":"\n<p><strong>SEURAKUNTIA<\/strong><\/p>\n\n\n\n<p><a href=\"http:\/\/www.svk.fi\/\">Suomen Vapaakirkko<\/a><\/p>\n\n\n\n<p><a href=\"https:\/\/drive.google.com\/drive\/folders\/1HYOwIs8oTbF-7gxb-b2q3TJMCdmFtNRN\">Espoon Vapaaseurakunnan puheet<\/a><\/p>\n\n\n\n<p><a href=\"http:\/\/hki-svk.t5.fi\/\">Helsingin Vapaaseurakunnan puheet<\/a><\/p>\n\n\n\n<p><a href=\"http:\/\/www.huittistenvapaaseurakunta.fi\/kuuntele\/\">Huittisten Vapaaseurakunta<\/a><\/p>\n\n\n\n<p><a href=\"http:\/\/www.harmainvapaaseurakunta.fi\/puheita\/\">H\u00e4rm\u00e4in Vapaaseurakunta<\/a><\/p>\n\n\n\n<p><a href=\"http:\/\/www.ilmajoenhelluntaiseurakunta.fi\/\">Ilmajoen Helluntaiseurakunta<\/a><\/p>\n\n\n\n<p><a href=\"https:\/\/www.hopetimeseurakunta.fi\/\">Isojoen Hopetime seurakunta<\/a> UUSI<\/p>\n\n\n\n<p><a href=\"http:\/\/jalasjarvi.svk.fi\/\">Jalasj\u00e4rven Vapaaseurakunta<\/a><\/p>\n\n\n\n<p><a href=\"https:\/\/www.joensuunvapaaseurakunta.net\/tallenteet\">Joensuun Vapaaseurakunnan puheet<\/a><\/p>\n\n\n\n<p><a href=\"http:\/\/jurvanbaptistiseurakunta.fi\/\">Jurvan Babtistiseurakunta<\/a><\/p>\n\n\n\n<p><a href=\"https:\/\/jurvan.com\/\">Jurvan Helluntaiseurakunta<\/a><\/p>\n\n\n\n<p><a href=\"http:\/\/www.jyvaskylanvapaaseurakunta.fi\/seurakunta_2\/saarnat\">Jyv\u00e4skyl\u00e4n Vapaaseurakunnan puheet<\/a><\/p>\n\n\n\n<p><a href=\"http:\/\/arkki.org\/arkkimedia\/puheet-ja-opetukset\">J\u00e4rvenp\u00e4\u00e4n Vapaaseurakunnan puheet<\/a><\/p>\n\n\n\n<p><a href=\"https:\/\/www.youtube.com\/channel\/UC-0O6HX-Y_SpyHGj3-dfxRA\">Kankaanp\u00e4\u00e4n Vapaaseurakunnan puheet<\/a><\/p>\n\n\n\n<p><a href=\"https:\/\/www.kauhajoenbaptistisrk.fi\/\">Kauhajoen Baptistiseurakunta<\/a><\/p>\n\n\n\n<p><a href=\"https:\/\/www.facebook.com\/kauhajoenhelluntai\/\">Kauhajoen Helluntaiseurakunta<\/a><\/p>\n\n\n\n<p><a href=\"http:\/\/kauhava.helluntaiseurakunta.fi\/\">Kauhavan Helluntaiseurakunta<\/a><\/p>\n\n\n\n<p><a href=\"http:\/\/www.kauhava.svk.fi\/\">Kauhavan Vapaaseurakunta<\/a><\/p>\n\n\n\n<p><a href=\"http:\/\/www.kihnionvapaaseurakunta.net\/\">Kihni\u00f6n Vapaaseurakunta<\/a><\/p>\n\n\n\n<p><a href=\"http:\/\/krs.hellarit.fi\/\">Kristiinan Helluntaiseurakunta<\/a><\/p>\n\n\n\n<p><a href=\"https:\/\/kotiseurakunta.com\/\">Kurikan Kotiseurakunta<\/a> UUSI<\/p>\n\n\n\n<p><a href=\"https:\/\/www.kurikanvapis.fi\/\">Kurikan Vapaaseurakunta<\/a><\/p>\n\n\n\n<p><a href=\"http:\/\/www.lapuanhelluntaisrk.fi\/\">Lapuan Helluntaiseurakunta<\/a><\/p>\n\n\n\n<p><a href=\"http:\/\/www.lapua.svk.fi\/\">Lapuan Vapaaseurakunta<\/a><\/p>\n\n\n\n<p><a href=\"http:\/\/nokianvapis.fi\/saarnat\/\">Nokian Vapaaseurakunnan puheet<\/a><\/p>\n\n\n\n<p><a href=\"http:\/\/nokianvapis.fi\/\">Nokian Vapaaseurakunta<\/a><\/p>\n\n\n\n<p><a href=\"http:\/\/oulu.svk.fi\/opetukset\/\">Oulun Vapaaseurakunnan puheet<\/a><\/p>\n\n\n\n<p><a href=\"https:\/\/www.raumanvapis.net\/resurssit\/saarnat\/saarnarkisto\/2018-saarnat\/\">Rauman Vapaaseurakunnan puheet<\/a><\/p>\n\n\n\n<p><a href=\"http:\/\/seinajoenhelluntaiseurakunta.fi\/\">Sein\u00e4joen Helluntaiseurakunta<\/a><\/p>\n\n\n\n<p><a href=\"https:\/\/seinajoenvapaaseurakunta.com\/\">Sein\u00e4joen Vapaaseurakunta<\/a><\/p>\n\n\n\n<p><a href=\"https:\/\/tampere.svk.fi\/\">Tampereen Vapaakirkkoseurakunta<\/a> UUSI<\/p>\n\n\n\n<p><a href=\"http:\/\/www.teuvanseurakunta.fi\/\">Teuvan Ev. Lut. seurakunta<\/a><\/p>\n\n\n\n<p><a href=\"http:\/\/www.teuvanhelluntaisrk.fi\/\">Teuvan Helluntaiseurakunta<\/a><\/p>\n\n\n\n<p><a href=\"http:\/\/www.teuvanvapaaseurakunta.fi\/\">Teuvan Vapaaseurakunta<\/a><\/p>\n\n\n\n<p><a href=\"http:\/\/hopeseurakunta.fi\/saarnat\/\">Turun Vapaaseurakunnan puheet<\/a><\/p>\n\n\n\n<p><a href=\"http:\/\/www.vaasancityseurakunta.org\/\">Vaasan Cityseurakunta<\/a><\/p>\n\n\n\n<p><a href=\"http:\/\/www.vaasanhelluntaiseurakunta.fi\/\">Vaasan Helluntaiseurakunta<\/a><\/p>\n\n\n\n<p><a href=\"http:\/\/www.vaasankeidas.fi\/\">Vaasan Keidasseurakunta<\/a><\/p>\n\n\n\n<p><a href=\"https:\/\/www.vaasanvapis.fi\/\">Vaasan Vapaaseurakunta<\/a><\/p>\n\n\n\n<p><a href=\"http:\/\/www.vaasanvapis.fi\/?page_id=887\">Vaasan Vapaaseurakunnan puheet<\/a><\/p>\n\n\n\n<p><a href=\"https:\/\/www.valkeakoskenvapaaseurakunta.fi\/\">Valkeakosken Vapaaseurakunta<\/a><\/p>\n\n\n\n<p><a href=\"http:\/\/www.vantaanvapis.fi\/#media\">Vantaan Vapaaseurakunnan puheet<\/a><\/p>\n\n\n\n<p><a href=\"https:\/\/www.vapisvahakyro.com\/\">V\u00e4h\u00e4nkyr\u00f6n Vapaaseurakunta<\/a> UUSI<\/p>\n\n\n\n<p><a href=\"https:\/\/www.ylivieskanvapaasrk.com\/videoita.html\">Ylivieskan Vapaaseurakunnan videoita<\/a><\/p>\n\n\n\n<hr class=\"wp-block-separator has-alpha-channel-opacity\"\/>\n\n\n\n<p><a href=\"http:\/\/toivonovi.omasivu.fi\/\">Toivon Ovi<\/a><\/p>\n\n\n\n<p><a href=\"https:\/\/uusitoivo.fi\/\">Uuden toivon seurakunnat<\/a><\/p>\n\n\n\n<p><a href=\"http:\/\/www.virtuaalikirkko.fi\/\">Virtuaalikirkko<\/a><\/p>\n\n\n\n<p><a href=\"http:\/\/lastenkirkko.fi\/\">Lastenkirkko<\/a><\/p>\n","protected":false},"excerpt":{"rendered":"<p>SEURAKUNTIA Suomen Vapaakirkko Espoon Vapaaseurakunnan puheet Helsingin Vapaaseurakunnan puheet Huittisten Vapaaseurakunta H\u00e4rm\u00e4in Vapaaseurakunta Ilmajoen Helluntaiseurakunta Isojoen Hopetime seurakunta UUSI Jalasj\u00e4rven Vapaaseurakunta Joensuun Vapaaseurakunnan puheet Jurvan Babtistiseurakunta Jurvan Helluntaiseurakunta Jyv\u00e4skyl\u00e4n Vapaaseurakunnan puheet J\u00e4rvenp\u00e4\u00e4n Vapaaseurakunnan puheet Kankaanp\u00e4\u00e4n Vapaaseurakunnan puheet Kauhajoen Baptistiseurakunta Kauhajoen Helluntaiseurakunta Kauhavan Helluntaiseurakunta Kauhavan Vapaaseurakunta Kihni\u00f6n Vapaaseurakunta Kristiinan Helluntaiseurakunta Kurikan Kotiseurakunta UUSI Kurikan Vapaaseurakunta Lapuan &hellip; <a href=\"https:\/\/www.norinvapaasrk.fi\/index.php\/linkkeja-2\/\" class=\"more-link\">Jatka lukemista <span class=\"screen-reader-text\">Linkkej\u00e4 2<\/span> <span class=\"meta-nav\">&rarr;<\/span><\/a><\/p>\n","protected":false},"author":1,"featured_media":0,"parent":0,"menu_order":0,"comment_status":"closed","ping_status":"closed","template":"","meta":{"footnotes":""},"class_list":["post-60","page","type-page","status-publish","hentry"],"_links":{"self":[{"href":"https:\/\/www.norinvapaasrk.fi\/index.php\/wp-json\/wp\/v2\/pages\/60","targetHints":{"allow":["GET"]}}],"collection":[{"href":"https:\/\/www.norinvapaasrk.fi\/index.php\/wp-json\/wp\/v2\/pages"}],"about":[{"href":"https:\/\/www.norinvapaasrk.fi\/index.php\/wp-json\/wp\/v2\/types\/page"}],"author":[{"embeddable":true,"href":"https:\/\/www.norinvapaasrk.fi\/index.php\/wp-json\/wp\/v2\/users\/1"}],"replies":[{"embeddable":true,"href":"https:\/\/www.norinvapaasrk.fi\/index.php\/wp-json\/wp\/v2\/comments?post=60"}],"version-history":[{"count":18,"href":"https:\/\/www.norinvapaasrk.fi\/index.php\/wp-json\/wp\/v2\/pages\/60\/revisions"}],"predecessor-version":[{"id":2918,"href":"https:\/\/www.norinvapaasrk.fi\/index.php\/wp-json\/wp\/v2\/pages\/60\/revisions\/2918"}],"wp:attachment":[{"href":"https:\/\/www.norinvapaasrk.fi\/index.php\/wp-json\/wp\/v2\/media?parent=60"}],"curies":[{"name":"wp","href":"https:\/\/api.w.org\/{rel}","templated":true}]}}