{"id":56,"date":"2019-07-11T20:50:22","date_gmt":"2019-07-11T17:50:22","guid":{"rendered":"http:\/\/testisivu.video.blog\/?page_id=56"},"modified":"2023-06-30T00:57:08","modified_gmt":"2023-06-29T21:57:08","slug":"linkkeja","status":"publish","type":"page","link":"https:\/\/www.norinvapaasrk.fi\/index.php\/linkkeja\/","title":{"rendered":"Linkkej\u00e4 1"},"content":{"rendered":"\n<p>LINKIT<\/p>\n\n\n\n<p>L\u00c4HISEUTUA<\/p>\n\n\n\n<p><a href=\"http:\/\/www.norinkyla.net\/\">Norinkyl\u00e4<\/a><\/p>\n\n\n\n<p><a href=\"https:\/\/teuva.fi\/\">Teuva<\/a><\/p>\n\n\n\n<p><a href=\"https:\/\/fi.wikipedia.org\/wiki\/Jurva\">Jurva<\/a><\/p>\n\n\n\n<p><a href=\"http:\/\/www.kauhajoki.fi\/\">Kauhajoki<\/a><\/p>\n\n\n\n<p><a href=\"http:\/\/www.kurikka.fi\/\">Kurikka<\/a><\/p>\n\n\n\n<p><a href=\"https:\/\/www.narpes.fi\/fi#filter=Uutta\">N\u00e4rpi\u00f6<\/a><\/p>\n\n\n\n<p><a href=\"http:\/\/www.kaskinen.fi\/\">Kaskinen<\/a><\/p>\n\n\n\n<p><a href=\"http:\/\/www.kristiinankaupunki.fi\/aloitus\/\">Kristiinankaupunki<\/a><\/p>\n\n\n\n<p><a href=\"http:\/\/www.ilmajoki.fi\/\">Ilmajoki<\/a><\/p>\n\n\n\n<p><a href=\"http:\/\/www.karijoki.fi\/\">Karijoki<\/a><\/p>\n\n\n\n<p><a href=\"http:\/\/www.seinajoki.fi\/\">Sein\u00e4joki<\/a><\/p>\n\n\n\n<p><a href=\"http:\/\/www.vaasa.fi\/\">Vaasa<\/a><\/p>\n\n\n\n<p>TUOTANTOA<\/p>\n\n\n\n<p><a href=\"http:\/\/www.paiva.fi\/\">P\u00e4iv\u00e4 Osakeyhti\u00f6<\/a><\/p>\n\n\n\n<p><a href=\"http:\/\/www.aikamedia.fi\/\">Aikamedia<\/a><\/p>\n\n\n\n<p><a href=\"https:\/\/www.ilonpolku.fi\/\">Ilon polku<\/a><\/p>\n\n\n\n<p><a href=\"http:\/\/www.nettikirjakauppa.com\/home\">Nettikirjakauppa<\/a><\/p>\n\n\n\n<p><a href=\"https:\/\/www.kristillinenkirjakauppa.fi\/\">Kristillinen kirjakauppa<\/a><\/p>\n\n\n\n<p>MUITA SIVUSTOJA<\/p>\n\n\n\n<p><a href=\"http:\/\/www.ilosanomapiiri.fi\/\">Ilosanomapiiri<\/a><\/p>\n\n\n\n<p><a href=\"http:\/\/www.watton.org\/clipart\/\">Ilmaisia uskonnollisaiheisia<br>clipart-kuvia<\/a><\/p>\n\n\n\n<p><a href=\"http:\/\/www.newwine.fi\/\">New Wine Finland<\/a><\/p>\n\n\n\n<p><a href=\"http:\/\/www.kristilliset.com\/\">Kristillisten palveluiden<br>esittelysivusto<\/a> <\/p>\n\n\n\n<p><a href=\"http:\/\/www.patmos.fi\/\">Patmos<\/a><\/p>\n\n\n\n<p><a href=\"http:\/\/www.vapis.fi\/\">Lapsi- ja nuorisoty\u00f6<br>Vapaakirkossa<\/a><\/p>\n\n\n\n<p><a href=\"http:\/\/www.armonvirta.net\/\">Armon virta<\/a><\/p>\n\n\n\n<p><a href=\"http:\/\/www.bibletranslators.org\/\">Jerusalemin Raamattukoti<\/a><\/p>\n\n\n\n<p><a href=\"https:\/\/www.maf.fi\/\">Suomen L\u00e4hetyslent\u00e4j\u00e4t<\/a><\/p>\n","protected":false},"excerpt":{"rendered":"<p>LINKIT L\u00c4HISEUTUA Norinkyl\u00e4 Teuva Jurva Kauhajoki Kurikka N\u00e4rpi\u00f6 Kaskinen Kristiinankaupunki Ilmajoki Karijoki Sein\u00e4joki Vaasa TUOTANTOA P\u00e4iv\u00e4 Osakeyhti\u00f6 Aikamedia Ilon polku Nettikirjakauppa Kristillinen kirjakauppa MUITA SIVUSTOJA Ilosanomapiiri Ilmaisia uskonnollisaiheisiaclipart-kuvia New Wine Finland Kristillisten palveluidenesittelysivusto Patmos Lapsi- ja nuorisoty\u00f6Vapaakirkossa Armon virta Jerusalemin Raamattukoti Suomen L\u00e4hetyslent\u00e4j\u00e4t<\/p>\n","protected":false},"author":1,"featured_media":0,"parent":0,"menu_order":0,"comment_status":"closed","ping_status":"closed","template":"","meta":{"footnotes":""},"class_list":["post-56","page","type-page","status-publish","hentry"],"_links":{"self":[{"href":"https:\/\/www.norinvapaasrk.fi\/index.php\/wp-json\/wp\/v2\/pages\/56","targetHints":{"allow":["GET"]}}],"collection":[{"href":"https:\/\/www.norinvapaasrk.fi\/index.php\/wp-json\/wp\/v2\/pages"}],"about":[{"href":"https:\/\/www.norinvapaasrk.fi\/index.php\/wp-json\/wp\/v2\/types\/page"}],"author":[{"embeddable":true,"href":"https:\/\/www.norinvapaasrk.fi\/index.php\/wp-json\/wp\/v2\/users\/1"}],"replies":[{"embeddable":true,"href":"https:\/\/www.norinvapaasrk.fi\/index.php\/wp-json\/wp\/v2\/comments?post=56"}],"version-history":[{"count":45,"href":"https:\/\/www.norinvapaasrk.fi\/index.php\/wp-json\/wp\/v2\/pages\/56\/revisions"}],"predecessor-version":[{"id":2816,"href":"https:\/\/www.norinvapaasrk.fi\/index.php\/wp-json\/wp\/v2\/pages\/56\/revisions\/2816"}],"wp:attachment":[{"href":"https:\/\/www.norinvapaasrk.fi\/index.php\/wp-json\/wp\/v2\/media?parent=56"}],"curies":[{"name":"wp","href":"https:\/\/api.w.org\/{rel}","templated":true}]}}