{"id":419,"date":"2019-09-10T17:38:18","date_gmt":"2019-09-10T14:38:18","guid":{"rendered":"http:\/\/www.norinvapaasrk.fi\/?page_id=419"},"modified":"2019-09-10T17:42:27","modified_gmt":"2019-09-10T14:42:27","slug":"vanhan-sivuston-historia","status":"publish","type":"page","link":"https:\/\/www.norinvapaasrk.fi\/index.php\/vanhan-sivuston-historia\/","title":{"rendered":"Vanhan sivuston historia"},"content":{"rendered":"\n<p> Suntuubi  <a href=\"http:\/\/www.norinvapaasrk.suntuubi.com\/\">http:\/\/www.norinvapaasrk.suntuubi.com<\/a> (palvelu poistuu kokonaan k\u00e4yt\u00f6st\u00e4 30.6.2020) <br>Vanhoja sivuja ei en\u00e4\u00e4 p\u00e4ivitet\u00e4 10.9.2019 j\u00e4lkeen.<\/p>\n\n\n\n<p>Vanhan sivuston k\u00e4vij\u00e4laskuri (sivujen lataukset): 48823 (10.9.2019)<\/p>\n\n\n\n<p><em><strong>SYYSKUU<\/strong><\/em><\/p>\n\n\n\n<p>P\u00e4ivitetty 8.9.2019<br>&#8211; p\u00e4ivitetty nettisivujen ulkoasua<br>&#8211; lis\u00e4tty lokakuun kuukausitiedote<br>&#8211; p\u00e4ivitetty henkil\u00f6t listan tietoja<br>&nbsp;<\/p>\n\n\n\n<p><em><strong>ELOKUU<\/strong><\/em><\/p>\n\n\n\n<p>P\u00e4ivitetty 20.8.2019<\/p>\n\n\n\n<p>&#8211; poistettu etusivulta kokousmainos<\/p>\n\n\n\n<p>P\u00e4ivitetty 11.8.2019<br>&#8211; poistettu etusivulta kokousmainos<br>&#8211; lis\u00e4tty kokousilmoitus etusivulle<br>&#8211; siirretty hein\u00e4kuun kuukausitiedote arkistoon<br>&#8211; lis\u00e4tty syyskuun kuukausitiedote<br>&#8211; p\u00e4ivitetty nettisivuston ulkoasua<\/p>\n\n\n\n<p><em><strong>HEIN\u00c4KUU<\/strong><\/em><\/p>\n\n\n\n<p>P\u00e4ivitetty 25.7.2019<br>&#8211; lis\u00e4tty elokuun kuukausitiedote<br>&#8211; lis\u00e4tty kaksi kokousilmoitusta etusivulle<\/p>\n\n\n\n<p>P\u00e4ivitetty 6.7.2019<br>&#8211; lis\u00e4tty linkki Vapaakirkon kes\u00e4juhlien l\u00e4hetyksiin<\/p>\n\n\n\n<p>P\u00e4ivitetty 4.7.2019<br>&#8211; p\u00e4ivitetty hein\u00e4kuun kuukausitiedotetta<br>&#8211; p\u00e4ivitetty viadia logoa<br>&#8211; lis\u00e4tty uskotv.fi linkki etusivun navigaatioon<\/p>\n\n\n\n<p><em><strong>KES\u00c4KUU<\/strong><\/em><\/p>\n\n\n\n<p>P\u00e4ivitetty 27.6.2019<br>&#8211; lis\u00e4tty Pynn\u00f6sen kokousvideo navigatioon<\/p>\n\n\n\n<p>P\u00e4ivitetty 15.6.2019<br>&#8211; p\u00e4ivitetty nettisivujen ulkoasua<br>&#8211; siirretty toukokuun kuukausitiedote arkistoon<br>&#8211; lis\u00e4tty hein\u00e4kuun kuukausitiedote<br>&#8211; lis\u00e4tty kes\u00e4juhlien kuvalinkki etusivulle<br>&#8211; p\u00e4ivitetty telttakokouksien ilmoitusta etusivulla<\/p>\n\n\n\n<p><em><strong>TOUKOKUU<\/strong><\/em><\/p>\n\n\n\n<p>P\u00e4ivitetty 28.5.2019<br>&#8211; p\u00e4ivitetty telttakokousilmoitusta etusivulle<\/p>\n\n\n\n<p>P\u00e4ivitetty 21.5.2019<br>&#8211; poistettu kaksi kokousilmoitusta etusivulta<br>&#8211; lis\u00e4tty etusivulle yksi kokoukilmoitus<\/p>\n\n\n\n<p>P\u00e4ivitetty 13.5.2019<br>&#8211; lis\u00e4tty suupohja rukoilee illat 2019-2020<\/p>\n\n\n\n<p>P\u00e4ivitetty 8.5.2019<br>&#8211; P\u00e4ivitetty toukokuun kuukausitiedotetta<br>&#8211; lis\u00e4tty kes\u00e4kuun kuukausitiedote<br>&#8211; p\u00e4ivitetty nettisvujen ulkoasua<\/p>\n\n\n\n<p><em><strong>HUHTIKUU<\/strong><\/em><\/p>\n\n\n\n<p>P\u00e4ivitetty&nbsp; 28.4.2019<br>&#8211; siirretty huhtikuun kuukausitiedote arkistoon<br>&#8211; lis\u00e4tty toukokuun kuukausitiedote<br>&#8211; poistettu yksi kokousilmoitus etusivulta<br>&#8211; lis\u00e4tty kaksi kokousilmoitusta etusivulle<\/p>\n\n\n\n<p>P\u00e4ivitetty 17.4.2019<br>&#8211; poistettu kokousmainos etusivulta<\/p>\n\n\n\n<p>P\u00e4ivitetty 1.4.2019<br>&#8211; poistettu etusivulta kokousmainos<br>&#8211; siirretty maaliskuun kuukausitiedote arkistoon<\/p>\n\n\n\n<p><em><strong>MAALISKUU<\/strong><\/em><\/p>\n\n\n\n<p>P\u00e4ivitetty 27.3.2019<br>&#8211; poistettu etusivulta kaksi kokousilmoitusta<br>&#8211; lis\u00e4tty kaksi kokousilmoitusta etusivulle<br>&#8211; p\u00e4ivitetty nettisivujen ulkoasua<\/p>\n\n\n\n<p>P\u00e4ivitetty 18.3.2019<br>&#8211; lis\u00e4tty huhtikuun kuukausitiedote<\/p>\n\n\n\n<p>P\u00e4ivitetty 11.3.2019<br>&#8211; lis\u00e4tty kokousmainos etusivulle<\/p>\n\n\n\n<p>P\u00e4ivitetty 4.3.2019<br>&#8211; poistettu helmikuun kuukausitiedote<br>&#8211; poistettu etusivulta kokousmainos<br>&#8211; lis\u00e4tty etusivulle kokousmainos<\/p>\n\n\n\n<p><strong><em>HELMIKUU<\/em><\/strong><\/p>\n\n\n\n<p>P\u00e4ivitetty 28.2.2019<br>&#8211; p\u00e4ivitetty maaliskuun kuukausitiedotetta<br>&#8211; p\u00e4ivitetty nettisivujen ulkoasua<\/p>\n\n\n\n<p>P\u00e4ivitetty 20.2.2019<br>&#8211; p\u00e4ivitetty maaliskuun kuukausitiedotetta<br>&#8211; p\u00e4ivitetty etusivun kokousmainoksia<br>&#8211; poistettu etusivulta yksi kokousmainos<br>&#8211; lis\u00e4tty etusivulle kokousmainos<\/p>\n\n\n\n<p>P\u00e4ivitetty 17.2.2019<br>&#8211; poistettu etusivulta kokousmainos<br>&#8211; poistettu vohvelikahvilamainos etusivulta<br>&#8211; lis\u00e4tty etusivulle kokousmainos<\/p>\n\n\n\n<p>P\u00e4ivitetty 12.2.2019<br>&#8211; lis\u00e4tty maaliskuun kuukausitiedote<\/p>\n\n\n\n<p>P\u00e4ivitetty 10.2.2019<br>&#8211; poistettu etusivulta kokousmainos<\/p>\n\n\n\n<p>P\u00e4ivitetty 4.2.2019<br>&#8211; p\u00e4ivitetty kokousmainosta etusivulla<br>&#8211; p\u00e4ivitetty helmikuun kuukausitiedotetta<\/p>\n\n\n\n<p>P\u00e4ivitetty 1.2.2019<br>&#8211; siirretty tammikuun kuukausitiedote arkistoon<br>&#8211; poistettu etusivulta kokousmainos<br>&#8211; p\u00e4ivitetty yhteystietoja<br>&#8211; lis\u00e4tty etusivulle kokousmainos<br>&#8211; p\u00e4ivitetty nettisivujen ulkoasua<\/p>\n\n\n\n<p><strong><em>TAMMIKUU<\/em><\/strong><\/p>\n\n\n\n<p>P\u00e4ivitetty 28.1.2019<br>&#8211; lis\u00e4tty vohvelikahvilan mainos etusivulle<\/p>\n\n\n\n<p>P\u00e4ivitetty 17.1.2019<br>&#8211; poistettu etusivulta kokousmainos<br>&#8211; p\u00e4ivitetty helmikuun kuukausitiedotetta<br>&#8211; lis\u00e4tty etusivulle kokousmainos<\/p>\n\n\n\n<p>P\u00e4ivitetty 15.1.2019<br>&#8211; p\u00e4ivitetty nettisivujen ulkoasua<\/p>\n\n\n\n<p>P\u00e4ivitetty 6.1.2019<br>&#8211; p\u00e4ivitetty tammikuun ja helmikuun kuukausitiedotetta<br>&#8211; p\u00e4ivitetty etusivun kokousmainosta<\/p>\n\n\n\n<p>P\u00e4ivitetty 3.1.2019<br>&#8211; poistettu etusivulta kokousmainos<br>&#8211; lis\u00e4tty yksi kokousmainos etusivulle<\/p>\n\n\n\n<p><strong>P\u00c4IVITYKSET VUONNA 2018<\/strong><\/p>\n\n\n\n<p><em><strong>JOULUKUU<\/strong><\/em><\/p>\n\n\n\n<p>P\u00e4ivitetty 29.12.2018<br>&#8211; p\u00e4ivitetty nettisivujen ulkoasua<br>&#8211; lis\u00e4tty kaksi kokousmainosta etusivulle<br>&#8211; poistettu joulukortti etusivulta<br>&#8211; siirrettu joulukuun kuukausitiedote arkistoon<br>&#8211; siirretty navigaatiosta videopuheet omaan valikkoonsa<br>&#8211; lis\u00e4tty kaksi uutta puhevideota navigaatioon<\/p>\n\n\n\n<p>P\u00e4ivitetty 16.12.2018<br>&#8211; lis\u00e4tty tammikuun ja helmikuun kuukausitiedotteet<br>&#8211; poistettu etusivulta kokousmainos<br>&#8211; lis\u00e4tty etusivulle joulukortti<\/p>\n\n\n\n<p>P\u00e4ivitetty 2.12.2018<br>&#8211; lis\u00e4tty joululaulut navigaatioon<br>&#8211; lis\u00e4tty uusia joululauluja<\/p>\n\n\n\n<p><em><strong>MARRASKUU<\/strong><\/em><\/p>\n\n\n\n<p>P\u00e4ivitetty 29.11.2018<br>&#8211; poistettu etusivulta kokousmainos<br>&#8211; siirretty arkistoon marraskuun kuukausitiedote<\/p>\n\n\n\n<p>P\u00e4ivitetty 24.11.2018<br>&#8211; lis\u00e4tty joulukuun kuukausitiedote<br>&#8211; p\u00e4ivitetty nettisivujen ulkoasua<br>&#8211; siirretty puhevideoita pois navigaatiosta<br>&#8211; lis\u00e4tty uusia puhevideoita navigaatioon<\/p>\n\n\n\n<p>P\u00e4ivitetty 19.11.2018<br>&#8211; poistettu etusivulta kokousmainos<\/p>\n\n\n\n<p>P\u00e4ivitetty 11.11.2018<br>&#8211; p\u00e4ivitetty marraskuun kuukausitiedotetta<br>&#8211; p\u00e4ivitetty Veijo ja Anne Heikkil\u00e4n kokousp\u00e4iv\u00e4\u00e4<br>&#8211; lis\u00e4tty kauneimmat joululaulut ilmoitus etusivulle<br>&#8211; lis\u00e4tty Maija Haikosen puhe&nbsp; puhevideot sivuille<br>&#8211; lis\u00e4tty Altti Viljasen kokousvideo navigaatioon<\/p>\n\n\n\n<p>P\u00e4ivitetty 1.11.2018<br>&#8211; p\u00e4ivitetty nettisivujen ulkoasua<br>&#8211; poistettu etusivulta kokousmainos<br>&#8211; lis\u00e4tty etusivulle kokousmainos<br>&#8211; lis\u00e4tty uusi sivu: puhevideoita<br>&#8211; p\u00e4ivitetty marraskuun kuukausitiedotetta<\/p>\n\n\n\n<p><em><strong>LOKAKUU<\/strong><\/em><\/p>\n\n\n\n<p>P\u00e4ivitetty 18.10.2018<br>&#8211; poistettu etusivulta kokousmainos<br>&#8211; lis\u00e4tty etusivulle kokouamainos<br>&#8211; p\u00e4ivitetty marraskuun kuukausitiedotetta<\/p>\n\n\n\n<p>P\u00e4ivitetty 12.10.2018<br>&#8211; poistettu etusivulta kokousmainos<br>&#8211; lis\u00e4tty marraskuun kuukausitiedote<\/p>\n\n\n\n<p>P\u00e4ivitetty 8.10.2018<br>&#8211; lis\u00e4tty Piia Viitasen musiikkia navigaatioon<\/p>\n\n\n\n<p>P\u00e4ivitetty 1.10.2018<br>&#8211; lis\u00e4tty kitaramiehet Jaakko ja Sirkka-Liisa Romun kokousmainokseen<br>&#8211; p\u00e4ivitetty lokakuun kuukausitiedotetta<\/p>\n\n\n\n<p><em><strong>SYYSKUU<\/strong><\/em><\/p>\n\n\n\n<p>P\u00e4ivitetty 29.9.2018<br>&#8211; poistettu etusivulta kokousmainos<br>&#8211; lis\u00e4tty etusivulle kokousmainos<br>&#8211; siirretty arkistoon elokuun ja syyskuun kuukausitiedote<br>&#8211; p\u00e4ivitetty nettisivujen ulkoasua<br>&#8211; lis\u00e4tty kaksi uutta linkki\u00e4 navigaatioon<\/p>\n\n\n\n<p>P\u00e4ivitetty 20.9.2018<br>&#8211; poistettu etusivulta kokousmainos<br>&#8211; lis\u00e4tty etusivulle kaksi kokousmainosta<\/p>\n\n\n\n<p>P\u00e4ivitetty 14.9.2018<br>&#8211; lis\u00e4tty navigaatioon linkki Sein\u00e4joen Vapaaseurakunnan Konferenssikeskus Valkean avajaisjuhlista<\/p>\n\n\n\n<p>P\u00e4ivitettu 12.9.2018<br>&#8211; p\u00e4ivitetty lokakuun kuukausitiedotetta<br>&#8211; lis\u00e4tty laskurin alle Pekka Simojoki: S\u00e4rkyneiden majatalo<br>&#8211; poistettu yksi kokousmainos etusivulta<\/p>\n\n\n\n<p>P\u00e4ivitetty 1.9.2018<br>&#8211; lis\u00e4tty lokakuun kuukausitiedote<\/p>\n\n\n\n<p><em><strong>ELOKUU<\/strong><\/em><\/p>\n\n\n\n<p>P\u00e4ivitetty 31.8.2018<br>&#8211; poistettu etusivulta yksi kokousmainos<br>&#8211; lis\u00e4tty etusivulle kaksi kokousmainosta<br>&#8211; p\u00e4ivitetty nettisivujen ulkoasua<br><br>P\u00e4ivitetty 15.8.2018<br>&#8211; poistettu etusivulta kaksi kokousilmoitusta<br>&#8211; lis\u00e4tty etusivulle kaksi kokousilmoitusta<\/p>\n\n\n\n<p><em><strong>HEIN\u00c4KUU<\/strong><\/em><br>P\u00e4ivitetty 31.7.2018<br>&#8211; otettu etusivulta yksi kokousmainos ja runotaulu pois<br>&#8211; lis\u00e4tty etusivulle kokousmainos<br>&#8211; p\u00e4ivitetty elokuun kuukausitiedotetta<br>&#8211;&nbsp;lis\u00e4tty syyskuun kuukausitiedote<br>&#8211; p\u00e4ivitetty nettisivujen ulkoasua<\/p>\n\n\n\n<p>P\u00e4ivitetty 22.7.2018<br>&#8211; lis\u00e4tty kokousmainos etusivulle<\/p>\n\n\n\n<p>P\u00e4ivitetty 11.7.2018<br>&#8211; poistettu telttailmoitus etusivulta<br>&#8211; p\u00e4ivitetty nettisivujen ulkoasua<br>&#8211; lis\u00e4tty elokuun kuukausitiedote<br>&#8211; lis\u00e4tty kes\u00e4runo etusivulle<br>&#8211; lis\u00e4tty linkki 1 sivulle seurakuntien puhe- ja videosivuihin uusia linkkej\u00e4<\/p>\n\n\n\n<p>&#8211; P\u00e4ivitetty 4.7.2018<br>&#8211; poistettu kes\u00e4kuun kuukausitiedote<br>&#8211; lis\u00e4tty linkkisivulle Vapaakirkon kes\u00e4juhlien 2018 linkki<\/p>\n\n\n\n<p><em><strong>KES\u00c4KUU<\/strong><\/em><\/p>\n\n\n\n<p>P\u00e4ivitetty 16.6.2018<br>&#8211; lis\u00e4tty hein\u00e4kuun kuukausitiedote<br>&#8211; lis\u00e4tty mets\u00e4kirkon mainos etusivulle<\/p>\n\n\n\n<p>P\u00e4ivitetty 13.6.2018<br>&#8211; poistettu etusivulta kokousmainos<br>&#8211; lis\u00e4tty telttakokous mainos etusivulle<\/p>\n\n\n\n<p>P\u00e4ivitetty 7.6.2018<br>&#8211; poistettu etusivulta suupohja rukoilee lista 2017-2018<br>&#8211; p\u00e4ivitetty nettisivujen ulkoasua<\/p>\n\n\n\n<p><em><strong>TOUKOKUU<\/strong><\/em><\/p>\n\n\n\n<p>P\u00e4ivitetty 17.5.2018<br>&#8211; p\u00e4ivitetty kes\u00e4kuun kuukausitiedotetta<br>&#8211; poistettu etusivulta kokousmainos<br>&#8211; lis\u00e4tty etusivulle kokousmainos<\/p>\n\n\n\n<p>P\u00e4ivitetty 14.5.2018<br>&#8211; p\u00e4ivitetty nettisivujen ulkoasua<br>&#8211; lis\u00e4tty suupohja rukoilee lista kaudelle 2018-2019<br>&#8211; lis\u00e4tty telttailmoitus etusivulle<br>&#8211; lis\u00e4tty kes\u00e4kuun kuukausitiedote<br>&#8211; lis\u00e4tty uusi linkki<\/p>\n\n\n\n<p>P\u00e4ivitetty 7.5.2018<br>&#8211; poistettu huhtikuun kuukausitiedote<br>&#8211; poistettu etusivulta kokousmainos<\/p>\n\n\n\n<p><em><strong>HUHTIKUU<\/strong><\/em><\/p>\n\n\n\n<p>P\u00e4ivitetty 26.4.2018<br>&#8211; poistettu etusivulta kokousmainos<br>&#8211; lis\u00e4tty etusivulle kokousmainos<\/p>\n\n\n\n<p>P\u00e4ivitetty 22.4.2018<br>&#8211; lis\u00e4tty toukokuun kuukausitiedote<\/p>\n\n\n\n<p>P\u00e4ivitetty 19.4.2018<br>&#8211; poistettu etusivulta kokousmainos<\/p>\n\n\n\n<p>P\u00e4ivitetty 12.4.2018<br>&#8211; poistettu maaliskuun kuukausitiedote<br>&#8211; lis\u00e4tty etusivulle kaksi kokousmainosta<br>&#8211; p\u00e4ivitetty nettisivujen ulkoasua<\/p>\n\n\n\n<p><em><strong>MAALISKUU<\/strong><\/em><\/p>\n\n\n\n<p>P\u00e4ivitetty 26.3.2018<br>&#8211; p\u00e4ivitetty maaliskuun ja huhtikuun kuukausitiedotteita<br>&#8211; lis\u00e4tty Gospel Covertajien nettisivuille linkki navigaatioon<br>&#8211; lis\u00e4tty Vapaakirkon kes\u00e4juhlien mainos etusivulle<\/p>\n\n\n\n<p>P\u00e4ivitetty 25.3.2018<br>&#8211; poistettu etusivulta kokousmainos<br>&#8211; lis\u00e4tty etusivulle kokousmainos<br>&#8211; poistettu navigaatiosta Billy Graham linkit<\/p>\n\n\n\n<p>P\u00e4ivitetty 14.3.2018<br>&#8211; p\u00e4ivitetty huhtikuun kuukausitiedotetta<br>&#8211; p\u00e4ivitetty nettisivujen ulkoasua<\/p>\n\n\n\n<p>P\u00e4ivitetty 13.3.2018<br>&#8211; poistettu etusivulta kokousmainos<br>&#8211; lis\u00e4tty etusivulle kokousmainos<br>&#8211; lis\u00e4tty huhtikuun kuukausitiedote<\/p>\n\n\n\n<p>P\u00e4ivitetty 5.3.2018<br>&#8211; poistettu helmikuun kuukausitiedote<br>&#8211; lis\u00e4tty etusivulle kokousmainos<br>&#8211; p\u00e4ivitetty linkkeihin Kauhajoen Helluntaiseurakunnan uusi nettisivu<\/p>\n\n\n\n<p>P\u00e4ivitetty 1.3.2018<br>&#8211; poistettu etusivulta kokousmainos<br>&#8211; lis\u00e4tty Billy Grahamin kokous Helsingist\u00e4 1987<\/p>\n\n\n\n<p><em><strong>HELMIKUU<\/strong><\/em><\/p>\n\n\n\n<p>P\u00e4ivitetty 26.2.2018<br>&#8211; p\u00e4ivitetty maaliskuun kuukausitiedote<br><br>P\u00e4ivitetty 22.2.2018<br>&#8211; poistettu etusivulta kokousmainos<br>&#8211; lis\u00e4tty etusivulle kokousmainos<br>&#8211; lis\u00e4tty Billy Graham videolinkit navigaatioon<\/p>\n\n\n\n<p>P\u00e4ivitetty 18.2.2018<br>&#8211; lis\u00e4tty maaliskuun kuukausitiedote<\/p>\n\n\n\n<p>P\u00e4ivitetty 16.2.2018<br>&#8211; p\u00e4ivitetty nettisivujen ulkoasua<br>&#8211; lis\u00e4tty pari linkki\u00e4 linkkisivulle<br>&#8211; lis\u00e4tty ViaDia linkkikuva naavigaatioon<\/p>\n\n\n\n<p>P\u00e4ivitetty 15.2.2018<br>&#8211; poistettu etusivulta vohvelikahvila mainos<br>&#8211; lis\u00e4tty kokousmainos etusivulle<\/p>\n\n\n\n<p><strong><em>TAMMIKUU<\/em><\/strong><\/p>\n\n\n\n<p>P\u00e4ivitetty 25.1.2018<br>&#8211; p\u00e4ivitetty helmikuun kuukausitiedotetta<\/p>\n\n\n\n<p>P\u00e4ivitetty 21.1.2018<br>&#8211; poistettu etusivulta kokousmainos<\/p>\n\n\n\n<p>P\u00e4ivitetty 14.1.2018<br>&#8211; poistetut etusivulta kokousmainos<br>&#8211; lis\u00e4tty etusivulle kokousmainos<br>&#8211; lis\u00e4tty vohvelikahvila mainos<br>&#8211; lis\u00e4tty helmikuun kuukausitiedote<br>&#8211; p\u00e4ivitetty linkkisivua<\/p>\n\n\n\n<p>P\u00e4ivitetty 4.1.2018<br>&#8211; poistettu etusivulta kokousmainos<\/p>\n\n\n\n<p>P\u00e4ivitykset 3.1.2018<br>&#8211; lis\u00e4tty navigaatioon linkki &#8221;Raamattu l\u00e4pi vuodessa&#8221; sivustolle<\/p>\n\n\n\n<p>P\u00e4ivitykset 1.1.2018<br>&#8211; nettisivujen ulkoasu laitettu uusiksi<br>&#8211; lis\u00e4tty kaksi kokousmainosta<br>&#8211; poistettu etusivulta joulukortti<\/p>\n","protected":false},"excerpt":{"rendered":"<p>Suntuubi http:\/\/www.norinvapaasrk.suntuubi.com (palvelu poistuu kokonaan k\u00e4yt\u00f6st\u00e4 30.6.2020) Vanhoja sivuja ei en\u00e4\u00e4 p\u00e4ivitet\u00e4 10.9.2019 j\u00e4lkeen. Vanhan sivuston k\u00e4vij\u00e4laskuri (sivujen lataukset): 48823 (10.9.2019) SYYSKUU P\u00e4ivitetty 8.9.2019&#8211; p\u00e4ivitetty nettisivujen ulkoasua&#8211; lis\u00e4tty lokakuun kuukausitiedote&#8211; p\u00e4ivitetty henkil\u00f6t listan tietoja&nbsp; ELOKUU P\u00e4ivitetty 20.8.2019 &#8211; poistettu etusivulta kokousmainos P\u00e4ivitetty 11.8.2019&#8211; poistettu etusivulta kokousmainos&#8211; lis\u00e4tty kokousilmoitus etusivulle&#8211; siirretty hein\u00e4kuun kuukausitiedote arkistoon&#8211; lis\u00e4tty syyskuun &hellip; <a href=\"https:\/\/www.norinvapaasrk.fi\/index.php\/vanhan-sivuston-historia\/\" class=\"more-link\">Jatka lukemista <span class=\"screen-reader-text\">Vanhan sivuston historia<\/span> <span class=\"meta-nav\">&rarr;<\/span><\/a><\/p>\n","protected":false},"author":1,"featured_media":0,"parent":0,"menu_order":0,"comment_status":"closed","ping_status":"closed","template":"","meta":{"footnotes":""},"class_list":["post-419","page","type-page","status-publish","hentry"],"_links":{"self":[{"href":"https:\/\/www.norinvapaasrk.fi\/index.php\/wp-json\/wp\/v2\/pages\/419","targetHints":{"allow":["GET"]}}],"collection":[{"href":"https:\/\/www.norinvapaasrk.fi\/index.php\/wp-json\/wp\/v2\/pages"}],"about":[{"href":"https:\/\/www.norinvapaasrk.fi\/index.php\/wp-json\/wp\/v2\/types\/page"}],"author":[{"embeddable":true,"href":"https:\/\/www.norinvapaasrk.fi\/index.php\/wp-json\/wp\/v2\/users\/1"}],"replies":[{"embeddable":true,"href":"https:\/\/www.norinvapaasrk.fi\/index.php\/wp-json\/wp\/v2\/comments?post=419"}],"version-history":[{"count":2,"href":"https:\/\/www.norinvapaasrk.fi\/index.php\/wp-json\/wp\/v2\/pages\/419\/revisions"}],"predecessor-version":[{"id":423,"href":"https:\/\/www.norinvapaasrk.fi\/index.php\/wp-json\/wp\/v2\/pages\/419\/revisions\/423"}],"wp:attachment":[{"href":"https:\/\/www.norinvapaasrk.fi\/index.php\/wp-json\/wp\/v2\/media?parent=419"}],"curies":[{"name":"wp","href":"https:\/\/api.w.org\/{rel}","templated":true}]}}