{"id":305,"date":"2019-08-11T14:43:43","date_gmt":"2019-08-11T11:43:43","guid":{"rendered":"http:\/\/testisivu.video.blog\/?page_id=305"},"modified":"2025-12-02T20:20:32","modified_gmt":"2025-12-02T17:20:32","slug":"syyskuun-kuukausitiedote","status":"publish","type":"page","link":"https:\/\/www.norinvapaasrk.fi\/index.php\/syyskuun-kuukausitiedote\/","title":{"rendered":"Joululauluja"},"content":{"rendered":"\n<p><\/p>\n\n\n\n<ul class=\"wp-block-list\">\n<li><a href=\"https:\/\/www.youtube.com\/watch?v=Onj4z8PjJcY\"><strong>T\u00e4hdentie joulukonsertti Haapaj\u00e4rven kirkossa 2025<\/strong><\/a><\/li>\n\n\n\n<li><a href=\"https:\/\/www.youtube.com\/watch?v=dts6sfuLFyM&amp;t=785s\"><strong>Kansalaisopiston ja Juuan seurakunnan joulukonsertti 13.11.2025<\/strong><\/a><\/li>\n\n\n\n<li><a href=\"https:\/\/www.youtube.com\/watch?v=8KO2lsGJuX8\"><strong>YKSI SYD\u00c4N -YHTYEEN JOULUKONSERTTI<\/strong><\/a><\/li>\n\n\n\n<li><a href=\"https:\/\/www.youtube.com\/watch?v=Ue0ku_xwQNA\"><strong>Joululauluilta Orimattilan kirkossa &#8211; 28.11. klo 18.30<\/strong><\/a><\/li>\n\n\n\n<li><a href=\"https:\/\/www.youtube.com\/watch?v=B1gMb7YQCDg\"><strong>12.12.2024 Nokkahuilistien joulukonsertti<\/strong><\/a><\/li>\n\n\n\n<li><a href=\"https:\/\/www.youtube.com\/watch?v=WbxRBU0VcJE\"><strong>Cantores Minores joulukonsertti 2024<\/strong><\/a><\/li>\n\n\n\n<li><\/li>\n\n\n\n<li><a href=\"https:\/\/www.youtube.com\/watch?v=w_VJ17dq3CY\"><em>Alueellinen joululauluilta 30.11.2024 Alaj\u00e4rvi<\/em><\/a><\/li>\n\n\n\n<li><em><a href=\"https:\/\/www.youtube.com\/watch?v=hIUKbIULxsU\">Suomalainen joulu konsertti 2022, Viinikan kirkko Tampere<\/a><\/em><\/li>\n\n\n\n<li><a href=\"https:\/\/www.youtube.com\/watch?v=boJ4GkKJ6qo\"><em>Jouluhartaus Espoonlahden seurakunta<\/em><\/a><\/li>\n\n\n\n<li><a href=\"https:\/\/www.youtube.com\/watch?v=MQMnUeOS4sU\"><em>Sytyt\u00e4n punaisen kynttil\u00e4n<\/em><\/a><\/li>\n\n\n\n<li><a href=\"https:\/\/www.youtube.com\/watch?v=xDqgfYTxytE\"><em>Avaa ovi sinun jouluusi<\/em><\/a><\/li>\n\n\n\n<li><a href=\"https:\/\/www.youtube.com\/watch?v=NrO89KhoRq0&amp;list=PLGLVU-J1K-baDR0Hnf5Pa06bCyQPvJehe&amp;index=2\"><em>M\u00f6kit nukkuu lumiset<\/em><\/a><\/li>\n\n\n\n<li><em><a href=\"https:\/\/www.youtube.com\/watch?v=IDntdl3hv2Q&amp;list=PLGLVU-J1K-baDR0Hnf5Pa06bCyQPvJehe&amp;index=5\">Yksin\u00e4inen t\u00e4hti<\/a><\/em><\/li>\n\n\n\n<li><a href=\"https:\/\/www.youtube.com\/watch?v=zutoQIkq2YI\"><em>Varpunen jouluaamuna<\/em><\/a><\/li>\n\n\n\n<li><a href=\"https:\/\/www.youtube.com\/watch?v=EQ5QJZYuYsE\"><em>Konsta Jylh\u00e4n joululaulu<\/em><\/a><\/li>\n\n\n\n<li><a href=\"https:\/\/www.youtube.com\/watch?v=e3QKNTGHeTQ\"><em>Joulun ilo<\/em><\/a><\/li>\n\n\n\n<li><a href=\"https:\/\/www.youtube.com\/watch?v=YPRDv2q8LMY\">Maa on niin kaunis<\/a><\/li>\n\n\n\n<li><a href=\"https:\/\/www.youtube.com\/watch?v=UaZV351JERE\">Heinill\u00e4 h\u00e4rkien kaukalon<\/a><\/li>\n\n\n\n<li><a href=\"https:\/\/www.youtube.com\/watch?v=NxyimEZSnmk\">Sylvian joululaulu<\/a><\/li>\n\n\n\n<li><a href=\"https:\/\/www.youtube.com\/watch?v=xY_jcD6NBUs\">En etsi valtaa loistoa ja Arkihuolesi kaikki heit\u00e4<\/a><\/li>\n\n\n\n<li><a href=\"https:\/\/www.youtube.com\/watch?v=IHJ-i6eH6P0\">Jouluy\u00f6 juhlay\u00f6<\/a><\/li>\n\n\n\n<li><a href=\"https:\/\/www.youtube.com\/watch?v=IwUy8OcmRts&amp;list=PLr3xJJpQsSM9RjW8eJ05JDCBd-5DQZHJE&amp;index=30\">On lapsi syntynyt meille<\/a><\/li>\n\n\n\n<li><a href=\"https:\/\/www.youtube.com\/watch?v=2Z-1mWxfTyc&amp;list=PLr3xJJpQsSM9RjW8eJ05JDCBd-5DQZHJE&amp;index=26\">On hanget korkeat nietokset<\/a><\/li>\n\n\n\n<li><a href=\"https:\/\/www.youtube.com\/watch?v=8mep3yzkkhU\">N\u00e4in syd\u00e4meeni joulun teen<\/a><\/li>\n\n\n\n<li><a href=\"https:\/\/www.youtube.com\/watch?v=9oFlrAkckjk\">Hiljaa hiljaa joulun kellot kajahtaa<\/a><\/li>\n\n\n\n<li><a href=\"https:\/\/www.youtube.com\/watch?v=sIxW90JP0yc\">No onkos tullut kes\u00e4<\/a><\/li>\n\n\n\n<li><a href=\"https:\/\/www.youtube.com\/watch?v=5WElFFznmbU\">Hoosianna<\/a><\/li>\n\n\n\n<li><a href=\"https:\/\/www.youtube.com\/watch?v=eCSsSiMyC4A\">Konstan joululaulu<\/a><\/li>\n\n\n\n<li><a href=\"https:\/\/www.youtube.com\/watch?v=3dFAxvUGlOg\">Tuikkikaa oi joulun t\u00e4ht\u00f6set<\/a><\/li>\n\n\n\n<li><a href=\"https:\/\/www.youtube.com\/watch?v=bMoHvJPaQDQ\">Joulu s\u00e4dehtii<\/a><\/li>\n\n\n\n<li><a href=\"https:\/\/www.youtube.com\/watch?v=4o9_t35U4ww\">Ilouutinen<\/a><\/li>\n\n\n\n<li><a href=\"https:\/\/www.youtube.com\/watch?v=ZcaEuCh6nao\">Tulkoon joulu<\/a><\/li>\n\n\n\n<li><a href=\"https:\/\/www.youtube.com\/watch?v=9YaPZ0JPlgg\">Jouluna he kaikki ovat t\u00e4\u00e4ll\u00e4<\/a><\/li>\n\n\n\n<li><a href=\"https:\/\/www.youtube.com\/watch?v=WR4Cjv21beY&amp;list=PLjTJad4DZLKzz7hFcew1St3D1F61W_A5X&amp;index=12\">Nyt syttyy valot tuhannet<\/a><\/li>\n\n\n\n<li><a href=\"https:\/\/www.youtube.com\/watch?v=Zm5P5rS3bto&amp;list=PLjTJad4DZLKzz7hFcew1St3D1F61W_A5X&amp;index=14\">Oi jouluy\u00f6<\/a><\/li>\n\n\n\n<li><a href=\"https:\/\/www.youtube.com\/watch?v=gXD8iKGAq8k&amp;list=PLjTJad4DZLKzz7hFcew1St3D1F61W_A5X&amp;index=17\">Valkea joulu<\/a><\/li>\n\n\n\n<li><a href=\"https:\/\/www.youtube.com\/watch?v=N1N6ZCqTz_c&amp;list=PLjTJad4DZLKzz7hFcew1St3D1F61W_A5X&amp;index=36\">Kodin kynttil\u00e4t<\/a><\/li>\n\n\n\n<li><a href=\"https:\/\/www.youtube.com\/watch?v=EJvO_WCIFVQ&amp;list=PLjTJad4DZLKzz7hFcew1St3D1F61W_A5X&amp;index=37\">Taas kaikki kauniit muistot<\/a><\/li>\n\n\n\n<li><a href=\"https:\/\/www.youtube.com\/watch?v=Wuuecg2922s&amp;list=PLjTJad4DZLKzz7hFcew1St3D1F61W_A5X&amp;index=39\">Nyt riemuiten t\u00e4nne<\/a><\/li>\n\n\n\n<li><a href=\"https:\/\/www.youtube.com\/watch?v=80dJ00U6I58\">Kauneimmat joululaulut Helsingin tuomiokirkossa 11.12.2022<\/a><\/li>\n\n\n\n<li><a href=\"https:\/\/www.youtube.com\/watch?v=FK-KqlDmDJY&amp;t=2083s\">Kauneimmat joululaulut Vihannin kirkosta<\/a><\/li>\n<\/ul>\n","protected":false},"excerpt":{"rendered":"","protected":false},"author":1,"featured_media":0,"parent":0,"menu_order":0,"comment_status":"closed","ping_status":"closed","template":"","meta":{"footnotes":""},"class_list":["post-305","page","type-page","status-publish","hentry"],"_links":{"self":[{"href":"https:\/\/www.norinvapaasrk.fi\/index.php\/wp-json\/wp\/v2\/pages\/305","targetHints":{"allow":["GET"]}}],"collection":[{"href":"https:\/\/www.norinvapaasrk.fi\/index.php\/wp-json\/wp\/v2\/pages"}],"about":[{"href":"https:\/\/www.norinvapaasrk.fi\/index.php\/wp-json\/wp\/v2\/types\/page"}],"author":[{"embeddable":true,"href":"https:\/\/www.norinvapaasrk.fi\/index.php\/wp-json\/wp\/v2\/users\/1"}],"replies":[{"embeddable":true,"href":"https:\/\/www.norinvapaasrk.fi\/index.php\/wp-json\/wp\/v2\/comments?post=305"}],"version-history":[{"count":33,"href":"https:\/\/www.norinvapaasrk.fi\/index.php\/wp-json\/wp\/v2\/pages\/305\/revisions"}],"predecessor-version":[{"id":3787,"href":"https:\/\/www.norinvapaasrk.fi\/index.php\/wp-json\/wp\/v2\/pages\/305\/revisions\/3787"}],"wp:attachment":[{"href":"https:\/\/www.norinvapaasrk.fi\/index.php\/wp-json\/wp\/v2\/media?parent=305"}],"curies":[{"name":"wp","href":"https:\/\/api.w.org\/{rel}","templated":true}]}}